{"id":1015,"date":"2022-05-23T15:50:35","date_gmt":"2022-05-23T15:50:35","guid":{"rendered":"http:\/\/myyalova.com\/site\/?page_id=1015"},"modified":"2026-05-04T18:07:41","modified_gmt":"2026-05-04T15:07:41","slug":"anket","status":"publish","type":"page","link":"http:\/\/myyalova.com\/site\/","title":{"rendered":"Anket"},"content":{"rendered":"<p>2025&#8217;in en iyileri i\u00e7in sizde oyunuzu hemen kullan\u0131n!<\/p>\n<div class=\"wpforms-container wpforms-container-full\" id=\"wpforms-1520\"><form id=\"wpforms-form-1520\" class=\"wpforms-validate wpforms-form\" data-formid=\"1520\" method=\"post\" enctype=\"multipart\/form-data\" action=\"\/site\/wp-json\/wp\/v2\/pages\/1015\" data-token=\"5188a827b453bd0c74441f9686b9fffd\"><noscript class=\"wpforms-error-noscript\">Bu formu bitirebilmek i\u00e7in taray\u0131c\u0131n\u0131zda JavaScript&#039;i etkinle\u015ftirin.<\/noscript><div class=\"wpforms-field-container\"><div id=\"wpforms-1520-field_5-container\" class=\"wpforms-field wpforms-field-name\" data-field-id=\"5\"><label class=\"wpforms-field-label\" for=\"wpforms-1520-field_5\">\u0130sim Soyisim <span class=\"wpforms-required-label\">*<\/span><\/label><div class=\"wpforms-field-row wpforms-field-medium\"><div class=\"wpforms-field-row-block wpforms-first wpforms-one-half\"><input type=\"text\" id=\"wpforms-1520-field_5\" class=\"wpforms-field-name-first wpforms-field-required\" name=\"wpforms[fields][5][first]\" required><label for=\"wpforms-1520-field_5\" class=\"wpforms-field-sublabel after \">Ad<\/label><\/div><div class=\"wpforms-field-row-block wpforms-one-half\"><input type=\"text\" id=\"wpforms-1520-field_5-last\" class=\"wpforms-field-name-last wpforms-field-required\" name=\"wpforms[fields][5][last]\" required><label for=\"wpforms-1520-field_5-last\" class=\"wpforms-field-sublabel after \">Soyad<\/label><\/div><\/div><\/div><div id=\"wpforms-1520-field_0-container\" class=\"wpforms-field wpforms-field-select wpforms-field-select-style-classic\" data-field-id=\"0\"><label class=\"wpforms-field-label\" for=\"wpforms-1520-field_0\">ETK\u0130N Y\u00d6NET\u0130M <span class=\"wpforms-required-label\">*<\/span><\/label><select id=\"wpforms-1520-field_0\" class=\"wpforms-field-medium wpforms-field-required\" name=\"wpforms[fields][0]\" required=\"required\"><option value=\"\" class=\"placeholder\" disabled  selected='selected'>Se\u00e7iniz<\/option><option value=\"Adil Yele (\u00c7iftlikk\u00f6y)\" >Adil Yele (\u00c7iftlikk\u00f6y)<\/option><option value=\"Avni Kurt (\u00c7\u0131narc\u0131k)\" >Avni Kurt (\u00c7\u0131narc\u0131k)<\/option><option value=\"Cengiz Arslan (Armutlu)\" >Cengiz Arslan (Armutlu)<\/option><option value=\"Do\u011fan \u00c7itil (Kaytazdere)\" >Do\u011fan \u00c7itil (Kaytazdere)<\/option><option value=\"H\u00fcseyin Sinan Acar (Termal)\" >H\u00fcseyin Sinan Acar (Termal)<\/option><option value=\"\u0130smail Arslan (Ta\u015fk\u00f6pr\u00fc)\" >\u0130smail Arslan (Ta\u015fk\u00f6pr\u00fc)<\/option><option value=\"Kamil Yaman (Koru)\" >Kamil Yaman (Koru)<\/option><option value=\"Mehmet G\u00fcrel (Yalova)\" >Mehmet G\u00fcrel (Yalova)<\/option><option value=\"Mehmet Temel (Esenk\u00f6y)\" >Mehmet Temel (Esenk\u00f6y)<\/option><option value=\"Mustafa Nurten (Te\u015fvikiye)\" >Mustafa Nurten (Te\u015fvikiye)<\/option><option value=\"M\u00fccahit Ka\u00e7ar (Tav\u015fanl\u0131)\" >M\u00fccahit Ka\u00e7ar (Tav\u015fanl\u0131)<\/option><option value=\"Turan Canbay (Suba\u015f\u0131)\" >Turan Canbay (Suba\u015f\u0131)<\/option><option value=\"Yasemin Fazlaca (Alt\u0131nova)\" >Yasemin Fazlaca (Alt\u0131nova)<\/option><option value=\"Y\u0131lmaz Tav\u015fan (Kad\u0131k\u00f6y)\" >Y\u0131lmaz Tav\u015fan (Kad\u0131k\u00f6y)<\/option><\/select><\/div><div id=\"wpforms-1520-field_1-container\" class=\"wpforms-field wpforms-field-select wpforms-field-select-style-classic\" data-field-id=\"1\"><label class=\"wpforms-field-label\" for=\"wpforms-1520-field_1\">KENTSEL PLANLAMA <span class=\"wpforms-required-label\">*<\/span><\/label><select id=\"wpforms-1520-field_1\" class=\"wpforms-field-medium wpforms-field-required\" name=\"wpforms[fields][1]\" required=\"required\"><option value=\"\" class=\"placeholder\" disabled  selected='selected'>Se\u00e7iniz<\/option><option value=\"Adil Yele (\u00c7iftlikk\u00f6y)\" >Adil Yele (\u00c7iftlikk\u00f6y)<\/option><option value=\"Avni Kurt (\u00c7\u0131narc\u0131k)\" >Avni Kurt (\u00c7\u0131narc\u0131k)<\/option><option value=\"Cengiz Arslan (Armutlu)\" >Cengiz Arslan (Armutlu)<\/option><option value=\"Do\u011fan \u00c7itil (Kaytazdere)\" >Do\u011fan \u00c7itil (Kaytazdere)<\/option><option value=\"H\u00fcseyin Sinan Acar (Termal)\" >H\u00fcseyin Sinan Acar (Termal)<\/option><option value=\"\u0130smail Arslan (Ta\u015fk\u00f6pr\u00fc)\" >\u0130smail Arslan (Ta\u015fk\u00f6pr\u00fc)<\/option><option value=\"Kamil Yaman (Koru)\" >Kamil Yaman (Koru)<\/option><option value=\"Mehmet G\u00fcrel (Yalova)\" >Mehmet G\u00fcrel (Yalova)<\/option><option value=\"Mehmet Temel (Esenk\u00f6y)\" >Mehmet Temel (Esenk\u00f6y)<\/option><option value=\"Mustafa Nurten (Te\u015fvikiye)\" >Mustafa Nurten (Te\u015fvikiye)<\/option><option value=\"M\u00fccahit Ka\u00e7ar (Tav\u015fanl\u0131)\" >M\u00fccahit Ka\u00e7ar (Tav\u015fanl\u0131)<\/option><option value=\"Turan Canbay (Suba\u015f\u0131)\" >Turan Canbay (Suba\u015f\u0131)<\/option><option value=\"Yasemin Fazlaca (Alt\u0131nova)\" >Yasemin Fazlaca (Alt\u0131nova)<\/option><option value=\"Y\u0131lmaz Tav\u015fan (Kad\u0131k\u00f6y)\" >Y\u0131lmaz Tav\u015fan (Kad\u0131k\u00f6y)<\/option><\/select><\/div><div id=\"wpforms-1520-field_2-container\" class=\"wpforms-field wpforms-field-select wpforms-field-select-style-classic\" data-field-id=\"2\"><label class=\"wpforms-field-label\" for=\"wpforms-1520-field_2\">\u00c7EVRE KORUMA HASSAS\u0130YET\u0130 <span class=\"wpforms-required-label\">*<\/span><\/label><select id=\"wpforms-1520-field_2\" class=\"wpforms-field-medium wpforms-field-required\" name=\"wpforms[fields][2]\" required=\"required\"><option value=\"\" class=\"placeholder\" disabled  selected='selected'>Se\u00e7iniz<\/option><option value=\"Adil Yele (\u00c7iftlikk\u00f6y)\" >Adil Yele (\u00c7iftlikk\u00f6y)<\/option><option value=\"Avni Kurt (\u00c7\u0131narc\u0131k)\" >Avni Kurt (\u00c7\u0131narc\u0131k)<\/option><option value=\"Cengiz Arslan (Armutlu)\" >Cengiz Arslan (Armutlu)<\/option><option value=\"Do\u011fan \u00c7itil (Kaytazdere)\" >Do\u011fan \u00c7itil (Kaytazdere)<\/option><option value=\"H\u00fcseyin Sinan Acar (Termal)\" >H\u00fcseyin Sinan Acar (Termal)<\/option><option value=\"\u0130smail Arslan (Ta\u015fk\u00f6pr\u00fc)\" >\u0130smail Arslan (Ta\u015fk\u00f6pr\u00fc)<\/option><option value=\"Kamil Yaman (Koru)\" >Kamil Yaman (Koru)<\/option><option value=\"Mehmet G\u00fcrel (Yalova)\" >Mehmet G\u00fcrel (Yalova)<\/option><option value=\"Mehmet Temel (Esenk\u00f6y)\" >Mehmet Temel (Esenk\u00f6y)<\/option><option value=\"Mustafa Nurten (Te\u015fvikiye)\" >Mustafa Nurten (Te\u015fvikiye)<\/option><option value=\"M\u00fccahit Ka\u00e7ar (Tav\u015fanl\u0131)\" >M\u00fccahit Ka\u00e7ar (Tav\u015fanl\u0131)<\/option><option value=\"Turan Canbay (Suba\u015f\u0131)\" >Turan Canbay (Suba\u015f\u0131)<\/option><option value=\"Yasemin Fazlaca (Alt\u0131nova)\" >Yasemin Fazlaca (Alt\u0131nova)<\/option><option value=\"Y\u0131lmaz Tav\u015fan (Kad\u0131k\u00f6y)\" >Y\u0131lmaz Tav\u015fan (Kad\u0131k\u00f6y)<\/option><\/select><\/div><div id=\"wpforms-1520-field_3-container\" class=\"wpforms-field wpforms-field-select wpforms-field-select-style-classic\" data-field-id=\"3\"><label class=\"wpforms-field-label\" for=\"wpforms-1520-field_3\">K\u00dcLT\u00dcR-SANATA KATKI <span class=\"wpforms-required-label\">*<\/span><\/label><select id=\"wpforms-1520-field_3\" class=\"wpforms-field-medium wpforms-field-required\" name=\"wpforms[fields][3]\" required=\"required\"><option value=\"\" class=\"placeholder\" disabled  selected='selected'>Se\u00e7iniz<\/option><option value=\"Adil Yele (\u00c7iftlikk\u00f6y)\" >Adil Yele (\u00c7iftlikk\u00f6y)<\/option><option value=\"Avni Kurt (\u00c7\u0131narc\u0131k)\" >Avni Kurt (\u00c7\u0131narc\u0131k)<\/option><option value=\"Cengiz Arslan (Armutlu)\" >Cengiz Arslan (Armutlu)<\/option><option value=\"Do\u011fan \u00c7itil (Kaytazdere)\" >Do\u011fan \u00c7itil (Kaytazdere)<\/option><option value=\"H\u00fcseyin Sinan Acar (Termal)\" >H\u00fcseyin Sinan Acar (Termal)<\/option><option value=\"\u0130smail Arslan (Ta\u015fk\u00f6pr\u00fc)\" >\u0130smail Arslan (Ta\u015fk\u00f6pr\u00fc)<\/option><option value=\"Kamil Yaman (Koru)\" >Kamil Yaman (Koru)<\/option><option value=\"Mehmet G\u00fcrel (Yalova)\" >Mehmet G\u00fcrel (Yalova)<\/option><option value=\"Mehmet Temel (Esenk\u00f6y)\" >Mehmet Temel (Esenk\u00f6y)<\/option><option value=\"Mustafa Nurten (Te\u015fvikiye)\" >Mustafa Nurten (Te\u015fvikiye)<\/option><option value=\"M\u00fccahit Ka\u00e7ar (Tav\u015fanl\u0131)\" >M\u00fccahit Ka\u00e7ar (Tav\u015fanl\u0131)<\/option><option value=\"Turan Canbay (Suba\u015f\u0131)\" >Turan Canbay (Suba\u015f\u0131)<\/option><option value=\"Yasemin Fazlaca (Alt\u0131nova)\" >Yasemin Fazlaca (Alt\u0131nova)<\/option><option value=\"Y\u0131lmaz Tav\u015fan (Kad\u0131k\u00f6y)\" >Y\u0131lmaz Tav\u015fan (Kad\u0131k\u00f6y)<\/option><\/select><\/div><div id=\"wpforms-1520-field_4-container\" class=\"wpforms-field wpforms-field-select wpforms-field-select-style-classic\" data-field-id=\"4\"><label class=\"wpforms-field-label\" for=\"wpforms-1520-field_4\">E\u011e\u0130T\u0130ME KATKI <span class=\"wpforms-required-label\">*<\/span><\/label><select id=\"wpforms-1520-field_4\" class=\"wpforms-field-medium wpforms-field-required\" name=\"wpforms[fields][4]\" required=\"required\"><option value=\"\" class=\"placeholder\" disabled  selected='selected'>Se\u00e7iniz<\/option><option value=\"Adil Yele (\u00c7iftlikk\u00f6y)\" >Adil Yele (\u00c7iftlikk\u00f6y)<\/option><option value=\"Avni Kurt (\u00c7\u0131narc\u0131k)\" >Avni Kurt (\u00c7\u0131narc\u0131k)<\/option><option value=\"Cengiz Arslan (Armutlu)\" >Cengiz Arslan (Armutlu)<\/option><option value=\"Do\u011fan \u00c7itil (Kaytazdere)\" >Do\u011fan \u00c7itil (Kaytazdere)<\/option><option value=\"H\u00fcseyin Sinan Acar (Termal)\" >H\u00fcseyin Sinan Acar (Termal)<\/option><option value=\"\u0130smail Arslan (Ta\u015fk\u00f6pr\u00fc)\" >\u0130smail Arslan (Ta\u015fk\u00f6pr\u00fc)<\/option><option value=\"Kamil Yaman (Koru)\" >Kamil Yaman (Koru)<\/option><option value=\"Mehmet G\u00fcrel (Yalova)\" >Mehmet G\u00fcrel (Yalova)<\/option><option value=\"Mehmet Temel (Esenk\u00f6y)\" >Mehmet Temel (Esenk\u00f6y)<\/option><option value=\"Mustafa Nurten (Te\u015fvikiye)\" >Mustafa Nurten (Te\u015fvikiye)<\/option><option value=\"M\u00fccahit Ka\u00e7ar (Tav\u015fanl\u0131)\" >M\u00fccahit Ka\u00e7ar (Tav\u015fanl\u0131)<\/option><option value=\"Turan Canbay (Suba\u015f\u0131)\" >Turan Canbay (Suba\u015f\u0131)<\/option><option value=\"Yasemin Fazlaca (Alt\u0131nova)\" >Yasemin Fazlaca (Alt\u0131nova)<\/option><option value=\"Y\u0131lmaz Tav\u015fan (Kad\u0131k\u00f6y)\" >Y\u0131lmaz Tav\u015fan (Kad\u0131k\u00f6y)<\/option><\/select><\/div><div id=\"wpforms-1520-field_10-container\" class=\"wpforms-field wpforms-field-select wpforms-field-select-style-classic\" data-field-id=\"10\"><label class=\"wpforms-field-label\" for=\"wpforms-1520-field_10\">\u015eEFFAF BELED\u0130YEC\u0130L\u0130K <span class=\"wpforms-required-label\">*<\/span><\/label><select id=\"wpforms-1520-field_10\" class=\"wpforms-field-medium wpforms-field-required\" name=\"wpforms[fields][10]\" required=\"required\"><option value=\"\" class=\"placeholder\" disabled  selected='selected'>Se\u00e7iniz<\/option><option value=\"Adil Yele (\u00c7iftlikk\u00f6y)\" >Adil Yele (\u00c7iftlikk\u00f6y)<\/option><option value=\"Avni Kurt (\u00c7\u0131narc\u0131k)\" >Avni Kurt (\u00c7\u0131narc\u0131k)<\/option><option value=\"Cengiz Arslan (Armutlu)\" >Cengiz Arslan (Armutlu)<\/option><option value=\"Do\u011fan \u00c7itil (Kaytazdere)\" >Do\u011fan \u00c7itil (Kaytazdere)<\/option><option value=\"H\u00fcseyin Sinan Acar (Termal)\" >H\u00fcseyin Sinan Acar (Termal)<\/option><option value=\"\u0130smail Arslan (Ta\u015fk\u00f6pr\u00fc)\" >\u0130smail Arslan (Ta\u015fk\u00f6pr\u00fc)<\/option><option value=\"Kamil Yaman (Koru)\" >Kamil Yaman (Koru)<\/option><option value=\"Mehmet G\u00fcrel (Yalova)\" >Mehmet G\u00fcrel (Yalova)<\/option><option value=\"Mehmet Temel (Esenk\u00f6y)\" >Mehmet Temel (Esenk\u00f6y)<\/option><option value=\"Mustafa Nurten (Te\u015fvikiye)\" >Mustafa Nurten (Te\u015fvikiye)<\/option><option value=\"M\u00fccahit Ka\u00e7ar (Tav\u015fanl\u0131)\" >M\u00fccahit Ka\u00e7ar (Tav\u015fanl\u0131)<\/option><option value=\"Turan Canbay (Suba\u015f\u0131)\" >Turan Canbay (Suba\u015f\u0131)<\/option><option value=\"Yasemin Fazlaca (Alt\u0131nova)\" >Yasemin Fazlaca (Alt\u0131nova)<\/option><option value=\"Y\u0131lmaz Tav\u015fan (Kad\u0131k\u00f6y)\" >Y\u0131lmaz Tav\u015fan (Kad\u0131k\u00f6y)<\/option><\/select><\/div><\/div><div class=\"wpforms-submit-container\"><input type=\"hidden\" name=\"wpforms[id]\" value=\"1520\"><input type=\"hidden\" name=\"wpforms[author]\" value=\"1\"><button type=\"submit\" name=\"wpforms[submit]\" id=\"wpforms-submit-1520\" class=\"wpforms-submit\" aria-live=\"assertive\" value=\"wpforms-submit\">Oy Ver <\/button><\/div><\/form><\/div>  <!-- .wpforms-container -->\n","protected":false},"excerpt":{"rendered":"<p>2025&#8217;in en iyileri i\u00e7in sizde oyunuzu hemen kullan\u0131n!<\/p>\n","protected":false},"author":1,"featured_media":0,"parent":0,"menu_order":0,"comment_status":"closed","ping_status":"closed","template":"","meta":{"_mi_skip_tracking":false,"footnotes":""},"_links":{"self":[{"href":"http:\/\/myyalova.com\/site\/wp-json\/wp\/v2\/pages\/1015"}],"collection":[{"href":"http:\/\/myyalova.com\/site\/wp-json\/wp\/v2\/pages"}],"about":[{"href":"http:\/\/myyalova.com\/site\/wp-json\/wp\/v2\/types\/page"}],"author":[{"embeddable":true,"href":"http:\/\/myyalova.com\/site\/wp-json\/wp\/v2\/users\/1"}],"replies":[{"embeddable":true,"href":"http:\/\/myyalova.com\/site\/wp-json\/wp\/v2\/comments?post=1015"}],"version-history":[{"count":6,"href":"http:\/\/myyalova.com\/site\/wp-json\/wp\/v2\/pages\/1015\/revisions"}],"predecessor-version":[{"id":2910,"href":"http:\/\/myyalova.com\/site\/wp-json\/wp\/v2\/pages\/1015\/revisions\/2910"}],"wp:attachment":[{"href":"http:\/\/myyalova.com\/site\/wp-json\/wp\/v2\/media?parent=1015"}],"curies":[{"name":"wp","href":"https:\/\/api.w.org\/{rel}","templated":true}]}}