{"id":128,"date":"2020-10-20T15:44:56","date_gmt":"2020-10-20T15:44:56","guid":{"rendered":"http:\/\/myyalova.com\/site\/?page_id=128"},"modified":"2020-12-01T13:41:48","modified_gmt":"2020-12-01T13:41:48","slug":"hakkimizda","status":"publish","type":"page","link":"http:\/\/myyalova.com\/site\/hakkimizda\/","title":{"rendered":"Hakk\u0131m\u0131zda"},"content":{"rendered":"<p>Her ay\u0131n ilk haftas\u0131 yay\u0131nlanan, \u015fehrin ekonomisinden siyasetine, ya\u015famdan magazinine bir \u00e7ok konunun i\u00e7eri\u011finde yer ald\u0131\u011f\u0131 ayl\u0131k akt\u00fcel dergi MY YALOVA, Ekim 2020 itibariyle yay\u0131n hayat\u0131na ba\u015flad\u0131. Dergi, Alt\u0131nova\u2019dan Armutlu\u2019ya da\u011f\u0131t\u0131m a\u011f\u0131 ile ayl\u0131k minumum 1000 adet tirajla en az 40 sayfa ile ofset bask\u0131 kalitesinde okuyucuya ula\u015fmaktad\u0131r.<\/p>\n<p>MY YALOVA \u015fehirde ayl\u0131k yay\u0131nlanan tek dergi olma \u00f6zelli\u011fine de sahiptir.<\/p>\n<p>MY YALOVA bir CEO MEDYA AJANS i\u015ftirakidir.<\/p>\n","protected":false},"excerpt":{"rendered":"<p>Her ay\u0131n ilk haftas\u0131 yay\u0131nlanan, \u015fehrin ekonomisinden siyasetine, ya\u015famdan magazinine bir \u00e7ok konunun i\u00e7eri\u011finde yer ald\u0131\u011f\u0131 ayl\u0131k akt\u00fcel dergi MY YALOVA, Ekim 2020 itibariyle yay\u0131n hayat\u0131na ba\u015flad\u0131. Dergi, Alt\u0131nova\u2019dan Armutlu\u2019ya da\u011f\u0131t\u0131m a\u011f\u0131 ile ayl\u0131k minumum 1000 adet tirajla en az 40 sayfa ile ofset bask\u0131 kalitesinde okuyucuya ula\u015fmaktad\u0131r. MY YALOVA \u015fehirde ayl\u0131k yay\u0131nlanan tek dergi&hellip;<\/p>\n","protected":false},"author":1,"featured_media":0,"parent":0,"menu_order":0,"comment_status":"closed","ping_status":"closed","template":"","meta":{"_mi_skip_tracking":false,"footnotes":""},"_links":{"self":[{"href":"http:\/\/myyalova.com\/site\/wp-json\/wp\/v2\/pages\/128"}],"collection":[{"href":"http:\/\/myyalova.com\/site\/wp-json\/wp\/v2\/pages"}],"about":[{"href":"http:\/\/myyalova.com\/site\/wp-json\/wp\/v2\/types\/page"}],"author":[{"embeddable":true,"href":"http:\/\/myyalova.com\/site\/wp-json\/wp\/v2\/users\/1"}],"replies":[{"embeddable":true,"href":"http:\/\/myyalova.com\/site\/wp-json\/wp\/v2\/comments?post=128"}],"version-history":[{"count":3,"href":"http:\/\/myyalova.com\/site\/wp-json\/wp\/v2\/pages\/128\/revisions"}],"predecessor-version":[{"id":232,"href":"http:\/\/myyalova.com\/site\/wp-json\/wp\/v2\/pages\/128\/revisions\/232"}],"wp:attachment":[{"href":"http:\/\/myyalova.com\/site\/wp-json\/wp\/v2\/media?parent=128"}],"curies":[{"name":"wp","href":"https:\/\/api.w.org\/{rel}","templated":true}]}}